{"id":7,"date":"2019-07-31T16:26:24","date_gmt":"2019-07-31T16:26:24","guid":{"rendered":"http:\/\/000.bildermeer.com\/?page_id=7"},"modified":"2019-09-18T19:27:42","modified_gmt":"2019-09-18T19:27:42","slug":"portrait","status":"publish","type":"page","link":"https:\/\/bildermeer.com\/?page_id=7","title":{"rendered":"Impressum\/Datenschutz"},"content":{"rendered":"\n<p style=\"text-align:center\">Impressum<\/p>\n\n\n\n<hr class=\"wp-block-separator\"\/>\n\n\n\n<p style=\"text-align:center\">Jens Koehler<br>PB11 03<br>18401 Stralsund<\/p>\n\n\n\n<p style=\"text-align:center\">info(at)jenskoehler.biz<\/p>\n\n\n\n<p><\/p>\n\n\n\n<p><\/p>\n\n\n\n<p style=\"text-align:center\">Haftungsausschluss und Datenschutz<\/p>\n\n\n\n<hr class=\"wp-block-separator\"\/>\n\n\n\n<p>Die Inhalte der Seiten wurden mit gr\u00f6\u00dfter Sorgfalt erstellt. F\u00fcr die Richtigkeit und Aktualit\u00e4t der Inhalte wird jedoch keine Gew\u00e4hr \u00fcbernommen. &nbsp;Alle Inhalte der Seiten unterliegen dem deutschen Urheberrecht. Die auf den folgenden Seiten gezeigten Photographien sind urheberrechtlich gesch\u00fctzt. Sie akzeptieren, dass ohne ausdr\u00fcckliche Einwilligung, diese weder privat, noch gewerblich genutzt, kopiert oder weiter gegeben werden d\u00fcrfen.&nbsp; Jede Zuwiderhandlung wird geahndet und als Verstoss gegen das Urheberrecht zur Anzeige gebracht, straf- und zivilrechtlich verfolgt.&nbsp; Sie greifen ausserdem nicht auf das folgende Material zu, um es gegen die verwaltenden oder dargestellten Personen in irgendeiner Form zu verwenden!<\/p>\n\n\n\n<p>Der Betreiber nimmt den Schutz aller pers\u00f6nlichen Daten sehr ernst. Alle Daten werden entsprechend der gesetzlichen Datenschutzvorschriften behandelt. Die Nutzung der Website ist ohne Angabe personenbezogener Daten m\u00f6glich. Wenn auf der Seite personenbezogene Daten erhoben werden, erfolgt es auf freiwilliger Basis. Diese Daten werden nicht an Dritte weitergegeben. Achtung: Die Daten\u00fcbertragung im Internet kann Sicherheitsl\u00fccken aufweisen. Ein l\u00fcckenloser Schutz der Daten vor dem Zugriff durch Dritte ist nicht m\u00f6glich.<\/p>\n\n\n\n<p>Der Nutzung der im Rahmen der Impressumspflicht ver\u00f6ffentlichten Kontaktdaten zur \u00dcbersendung von Werbung wird ausdr\u00fccklich widersprochen. Der Betreiber der Seiten beh\u00e4lt sich ausdr\u00fccklich rechtliche Schritte im Falle der Zusendung von Werbung und Spam-Mails vor.<\/p>\n","protected":false},"excerpt":{"rendered":"<p>Impressum Jens KoehlerPB11 0318401 Stralsund info(at)jenskoehler.biz Haftungsausschluss und Datenschutz Die Inhalte der Seiten wurden mit gr\u00f6\u00dfter Sorgfalt erstellt. F\u00fcr die Richtigkeit und Aktualit\u00e4t der Inhalte wird jedoch keine Gew\u00e4hr \u00fcbernommen. &nbsp;Alle Inhalte der Seiten unterliegen dem deutschen Urheberrecht. Die auf den folgenden Seiten gezeigten Photographien sind urheberrechtlich gesch\u00fctzt. Sie akzeptieren, dass ohne ausdr\u00fcckliche Einwilligung, diese&#8230;<\/p>\n","protected":false},"author":1,"featured_media":0,"parent":0,"menu_order":0,"comment_status":"closed","ping_status":"closed","template":"","meta":{"footnotes":""},"_links":{"self":[{"href":"https:\/\/bildermeer.com\/index.php?rest_route=\/wp\/v2\/pages\/7"}],"collection":[{"href":"https:\/\/bildermeer.com\/index.php?rest_route=\/wp\/v2\/pages"}],"about":[{"href":"https:\/\/bildermeer.com\/index.php?rest_route=\/wp\/v2\/types\/page"}],"author":[{"embeddable":true,"href":"https:\/\/bildermeer.com\/index.php?rest_route=\/wp\/v2\/users\/1"}],"replies":[{"embeddable":true,"href":"https:\/\/bildermeer.com\/index.php?rest_route=%2Fwp%2Fv2%2Fcomments&post=7"}],"version-history":[{"count":13,"href":"https:\/\/bildermeer.com\/index.php?rest_route=\/wp\/v2\/pages\/7\/revisions"}],"predecessor-version":[{"id":1031,"href":"https:\/\/bildermeer.com\/index.php?rest_route=\/wp\/v2\/pages\/7\/revisions\/1031"}],"wp:attachment":[{"href":"https:\/\/bildermeer.com\/index.php?rest_route=%2Fwp%2Fv2%2Fmedia&parent=7"}],"curies":[{"name":"wp","href":"https:\/\/api.w.org\/{rel}","templated":true}]}}